{"id":1619,"date":"2024-04-19T05:43:29","date_gmt":"2024-04-19T05:43:29","guid":{"rendered":"https:\/\/pizzeriaramo.se\/?post_type=product&#038;p=1619"},"modified":"2026-04-14T04:22:55","modified_gmt":"2026-04-14T04:22:55","slug":"skinkpita-isbergssallad-tomat-gurka-ananas-agg-skinka","status":"publish","type":"product","link":"https:\/\/www.pizzeriaramo.se\/index.php\/product\/skinkpita-isbergssallad-tomat-gurka-ananas-agg-skinka\/","title":{"rendered":"SKINKPITA: Isbergssallad, tomat, gurka, ananas, \u00e4gg, skinka"},"content":{"rendered":"<p>LUNCHPAKET 117:-<\/p>\n<p>Valfri kebabs\u00e5s, Rhodeislands\u00e5s eller vitl\u00f6kss\u00e5s<\/p>\n","protected":false},"excerpt":{"rendered":"<p>LUNCHPAKET 117:-<\/p>\n<p>Valfri kebabs\u00e5s, Rhodeislands\u00e5s eller vitl\u00f6kss\u00e5s<\/p>\n","protected":false},"featured_media":0,"comment_status":"open","ping_status":"closed","template":"","meta":[],"product_cat":[70],"product_tag":[],"class_list":{"0":"post-1619","1":"product","2":"type-product","3":"status-publish","5":"product_cat-pita","7":"first","8":"instock","9":"shipping-taxable","10":"purchasable","11":"product-type-simple"},"_links":{"self":[{"href":"https:\/\/www.pizzeriaramo.se\/index.php\/wp-json\/wp\/v2\/product\/1619","targetHints":{"allow":["GET"]}}],"collection":[{"href":"https:\/\/www.pizzeriaramo.se\/index.php\/wp-json\/wp\/v2\/product"}],"about":[{"href":"https:\/\/www.pizzeriaramo.se\/index.php\/wp-json\/wp\/v2\/types\/product"}],"replies":[{"embeddable":true,"href":"https:\/\/www.pizzeriaramo.se\/index.php\/wp-json\/wp\/v2\/comments?post=1619"}],"wp:attachment":[{"href":"https:\/\/www.pizzeriaramo.se\/index.php\/wp-json\/wp\/v2\/media?parent=1619"}],"wp:term":[{"taxonomy":"product_cat","embeddable":true,"href":"https:\/\/www.pizzeriaramo.se\/index.php\/wp-json\/wp\/v2\/product_cat?post=1619"},{"taxonomy":"product_tag","embeddable":true,"href":"https:\/\/www.pizzeriaramo.se\/index.php\/wp-json\/wp\/v2\/product_tag?post=1619"}],"curies":[{"name":"wp","href":"https:\/\/api.w.org\/{rel}","templated":true}]}}