{"id":1606,"date":"2024-04-19T05:34:42","date_gmt":"2024-04-19T05:34:42","guid":{"rendered":"https:\/\/pizzeriaramo.se\/?post_type=product&#038;p=1606"},"modified":"2026-04-15T07:58:28","modified_gmt":"2026-04-15T07:58:28","slug":"kebab-alexander-serveras-pa-sma-skivade-brod","status":"publish","type":"product","link":"https:\/\/www.pizzeriaramo.se\/index.php\/product\/kebab-alexander-serveras-pa-sma-skivade-brod\/","title":{"rendered":"KEBAB ALEXANDER serveras p\u00e5 sm\u00e5 skivade br\u00f6d"},"content":{"rendered":"<p>LUNCHPAKET med valfri kebabs\u00e5s<\/p>\n<p>V\u00e4lj mellan fl\u00e4sk (standard), n\u00f6t eller kyckling. Valfri kebabs\u00e5s<\/p>\n","protected":false},"excerpt":{"rendered":"<p>LUNCHPAKET med valfri kebabs\u00e5s<\/p>\n<p>V\u00e4lj mellan fl\u00e4sk (standard), n\u00f6t eller kyckling. Valfri kebabs\u00e5s<\/p>\n","protected":false},"featured_media":0,"comment_status":"open","ping_status":"closed","template":"","meta":[],"product_cat":[68],"product_tag":[],"class_list":{"0":"post-1606","1":"product","2":"type-product","3":"status-publish","5":"product_cat-kebaber","7":"first","8":"instock","9":"shipping-taxable","10":"purchasable","11":"product-type-simple"},"_links":{"self":[{"href":"https:\/\/www.pizzeriaramo.se\/index.php\/wp-json\/wp\/v2\/product\/1606","targetHints":{"allow":["GET"]}}],"collection":[{"href":"https:\/\/www.pizzeriaramo.se\/index.php\/wp-json\/wp\/v2\/product"}],"about":[{"href":"https:\/\/www.pizzeriaramo.se\/index.php\/wp-json\/wp\/v2\/types\/product"}],"replies":[{"embeddable":true,"href":"https:\/\/www.pizzeriaramo.se\/index.php\/wp-json\/wp\/v2\/comments?post=1606"}],"wp:attachment":[{"href":"https:\/\/www.pizzeriaramo.se\/index.php\/wp-json\/wp\/v2\/media?parent=1606"}],"wp:term":[{"taxonomy":"product_cat","embeddable":true,"href":"https:\/\/www.pizzeriaramo.se\/index.php\/wp-json\/wp\/v2\/product_cat?post=1606"},{"taxonomy":"product_tag","embeddable":true,"href":"https:\/\/www.pizzeriaramo.se\/index.php\/wp-json\/wp\/v2\/product_tag?post=1606"}],"curies":[{"name":"wp","href":"https:\/\/api.w.org\/{rel}","templated":true}]}}