{"id":1591,"date":"2024-04-19T05:17:17","date_gmt":"2024-04-19T05:17:17","guid":{"rendered":"https:\/\/pizzeriaramo.se\/?post_type=product&#038;p=1591"},"modified":"2026-04-13T19:24:51","modified_gmt":"2026-04-13T19:24:51","slug":"spaghetti-carbonara-bacon-svartpeppar-agg-vitlok-graddsas","status":"publish","type":"product","link":"https:\/\/www.pizzeriaramo.se\/index.php\/product\/spaghetti-carbonara-bacon-svartpeppar-agg-vitlok-graddsas\/","title":{"rendered":"SPAGHETTI CARBONARA"},"content":{"rendered":"<p>SPAGHETTI CARBONARA bacon, svartpeppar, \u00e4gg, vitl\u00f6k, gr\u00e4dds\u00e5s<\/p>\n","protected":false},"excerpt":{"rendered":"<p>SPAGHETTI CARBONARA bacon, svartpeppar, \u00e4gg, vitl\u00f6k, gr\u00e4dds\u00e5s<\/p>\n","protected":false},"featured_media":0,"comment_status":"open","ping_status":"closed","template":"","meta":[],"product_cat":[67],"product_tag":[],"class_list":{"0":"post-1591","1":"product","2":"type-product","3":"status-publish","5":"product_cat-pasta","7":"first","8":"instock","9":"shipping-taxable","10":"purchasable","11":"product-type-simple"},"_links":{"self":[{"href":"https:\/\/www.pizzeriaramo.se\/index.php\/wp-json\/wp\/v2\/product\/1591","targetHints":{"allow":["GET"]}}],"collection":[{"href":"https:\/\/www.pizzeriaramo.se\/index.php\/wp-json\/wp\/v2\/product"}],"about":[{"href":"https:\/\/www.pizzeriaramo.se\/index.php\/wp-json\/wp\/v2\/types\/product"}],"replies":[{"embeddable":true,"href":"https:\/\/www.pizzeriaramo.se\/index.php\/wp-json\/wp\/v2\/comments?post=1591"}],"wp:attachment":[{"href":"https:\/\/www.pizzeriaramo.se\/index.php\/wp-json\/wp\/v2\/media?parent=1591"}],"wp:term":[{"taxonomy":"product_cat","embeddable":true,"href":"https:\/\/www.pizzeriaramo.se\/index.php\/wp-json\/wp\/v2\/product_cat?post=1591"},{"taxonomy":"product_tag","embeddable":true,"href":"https:\/\/www.pizzeriaramo.se\/index.php\/wp-json\/wp\/v2\/product_tag?post=1591"}],"curies":[{"name":"wp","href":"https:\/\/api.w.org\/{rel}","templated":true}]}}