{"id":1575,"date":"2024-04-19T05:03:15","date_gmt":"2024-04-19T05:03:15","guid":{"rendered":"https:\/\/pizzeriaramo.se\/?post_type=product&#038;p=1575"},"modified":"2026-04-15T07:59:44","modified_gmt":"2026-04-15T07:59:44","slug":"vastkustsallad-paprika-champinjoner-rakor-musslor-krabba-agg-citron","status":"publish","type":"product","link":"https:\/\/www.pizzeriaramo.se\/index.php\/product\/vastkustsallad-paprika-champinjoner-rakor-musslor-krabba-agg-citron\/","title":{"rendered":"V\u00c4STKUSTSALLAD: paprika, champinjoner, r\u00e4kor, musslor, krabba, \u00e4gg, citron"},"content":{"rendered":"<p>Isbergssallad, gurka, tomat ing\u00e5r i samtliga sallader<\/p>\n<p>Med hembakat br\u00f6d och sm\u00f6r, S\u00e5ser: Rhodeisland, curry, kebab,<\/p>\n<p>LUNCHPAKET 125:-<\/p>\n","protected":false},"excerpt":{"rendered":"<p>Isbergssallad, gurka, tomat ing\u00e5r i samtliga sallader<\/p>\n<p>Med hembakat br\u00f6d och sm\u00f6r, S\u00e5ser: Rhodeisland, curry, kebab,<\/p>\n<p>LUNCHPAKET 125:-<\/p>\n","protected":false},"featured_media":0,"comment_status":"open","ping_status":"closed","template":"","meta":[],"product_cat":[65],"product_tag":[],"class_list":{"0":"post-1575","1":"product","2":"type-product","3":"status-publish","5":"product_cat-sallader","7":"first","8":"instock","9":"shipping-taxable","10":"purchasable","11":"product-type-simple"},"_links":{"self":[{"href":"https:\/\/www.pizzeriaramo.se\/index.php\/wp-json\/wp\/v2\/product\/1575","targetHints":{"allow":["GET"]}}],"collection":[{"href":"https:\/\/www.pizzeriaramo.se\/index.php\/wp-json\/wp\/v2\/product"}],"about":[{"href":"https:\/\/www.pizzeriaramo.se\/index.php\/wp-json\/wp\/v2\/types\/product"}],"replies":[{"embeddable":true,"href":"https:\/\/www.pizzeriaramo.se\/index.php\/wp-json\/wp\/v2\/comments?post=1575"}],"wp:attachment":[{"href":"https:\/\/www.pizzeriaramo.se\/index.php\/wp-json\/wp\/v2\/media?parent=1575"}],"wp:term":[{"taxonomy":"product_cat","embeddable":true,"href":"https:\/\/www.pizzeriaramo.se\/index.php\/wp-json\/wp\/v2\/product_cat?post=1575"},{"taxonomy":"product_tag","embeddable":true,"href":"https:\/\/www.pizzeriaramo.se\/index.php\/wp-json\/wp\/v2\/product_tag?post=1575"}],"curies":[{"name":"wp","href":"https:\/\/api.w.org\/{rel}","templated":true}]}}