{"id":1571,"date":"2024-04-19T05:01:27","date_gmt":"2024-04-19T05:01:27","guid":{"rendered":"https:\/\/pizzeriaramo.se\/?post_type=product&#038;p=1571"},"modified":"2026-04-15T11:51:09","modified_gmt":"2026-04-15T11:51:09","slug":"caesarsallad-korsbartomater-gurka-ananas-kycklingfile-knaperstekt-bacon-brodkurtonger-caesar-dressing","status":"publish","type":"product","link":"https:\/\/www.pizzeriaramo.se\/index.php\/product\/caesarsallad-korsbartomater-gurka-ananas-kycklingfile-knaperstekt-bacon-brodkurtonger-caesar-dressing\/","title":{"rendered":"CAESARSALLAD: k\u00f6rsb\u00e4rtomater, gurka, kycklingfil\u00e9, knaperstekt bacon, br\u00f6dkurtonger Caesar dressing"},"content":{"rendered":"<p>Isbergssallad, gurka, tomat ing\u00e5r i samtliga sallader<\/p>\n<p>Med hembakat br\u00f6d och sm\u00f6r, S\u00e5ser: Rhodeisland, curry, kebab,<\/p>\n<p>LUNCHPAKET 125:-<\/p>\n","protected":false},"excerpt":{"rendered":"<p>Isbergssallad, gurka, tomat ing\u00e5r i samtliga sallader<\/p>\n<p>Med hembakat br\u00f6d och sm\u00f6r, S\u00e5ser: Rhodeisland, curry, kebab,<\/p>\n<p>LUNCHPAKET 125:-<\/p>\n","protected":false},"featured_media":0,"comment_status":"open","ping_status":"closed","template":"","meta":[],"product_cat":[65],"product_tag":[],"class_list":{"0":"post-1571","1":"product","2":"type-product","3":"status-publish","5":"product_cat-sallader","7":"first","8":"instock","9":"shipping-taxable","10":"purchasable","11":"product-type-simple"},"_links":{"self":[{"href":"https:\/\/www.pizzeriaramo.se\/index.php\/wp-json\/wp\/v2\/product\/1571","targetHints":{"allow":["GET"]}}],"collection":[{"href":"https:\/\/www.pizzeriaramo.se\/index.php\/wp-json\/wp\/v2\/product"}],"about":[{"href":"https:\/\/www.pizzeriaramo.se\/index.php\/wp-json\/wp\/v2\/types\/product"}],"replies":[{"embeddable":true,"href":"https:\/\/www.pizzeriaramo.se\/index.php\/wp-json\/wp\/v2\/comments?post=1571"}],"wp:attachment":[{"href":"https:\/\/www.pizzeriaramo.se\/index.php\/wp-json\/wp\/v2\/media?parent=1571"}],"wp:term":[{"taxonomy":"product_cat","embeddable":true,"href":"https:\/\/www.pizzeriaramo.se\/index.php\/wp-json\/wp\/v2\/product_cat?post=1571"},{"taxonomy":"product_tag","embeddable":true,"href":"https:\/\/www.pizzeriaramo.se\/index.php\/wp-json\/wp\/v2\/product_tag?post=1571"}],"curies":[{"name":"wp","href":"https:\/\/api.w.org\/{rel}","templated":true}]}}