{"id":1550,"date":"2024-04-19T04:48:59","date_gmt":"2024-04-19T04:48:59","guid":{"rendered":"https:\/\/pizzeriaramo.se\/?post_type=product&#038;p=1550"},"modified":"2026-04-14T15:13:41","modified_gmt":"2026-04-14T15:13:41","slug":"71-acapulco-oxfile-taco-kryddmix-vitlok-lok-champinjoner-tacosas-jalapeno","status":"publish","type":"product","link":"https:\/\/www.pizzeriaramo.se\/index.php\/product\/71-acapulco-oxfile-taco-kryddmix-vitlok-lok-champinjoner-tacosas-jalapeno\/","title":{"rendered":"71. ACAPULCO: oxfil\u00e9, taco kryddmix, vitl\u00f6k, l\u00f6k, champinjoner, tacos\u00e5s, jalape\u00f1o"},"content":{"rendered":"<p>FAMILJEPIZZA 335:- BARN 125:-<\/p>\n<p>Extra fyllning av allt: 50:- Extra fyllning p\u00e5 familjepizza: 80:-<\/p>\n<p>LUNCHPAKET 135:- inkl sallad &amp; dricka<\/p>\n","protected":false},"excerpt":{"rendered":"<p>FAMILJEPIZZA 335:- BARN 125:-<\/p>\n<p>Extra fyllning av allt: 50:- Extra fyllning p\u00e5 familjepizza: 80:-<\/p>\n<p>LUNCHPAKET 135:- inkl sallad &amp; dricka<\/p>\n","protected":false},"featured_media":0,"comment_status":"open","ping_status":"closed","template":"","meta":[],"product_cat":[63],"product_tag":[],"class_list":{"0":"post-1550","1":"product","2":"type-product","3":"status-publish","5":"product_cat-mexikanska-pizzor","7":"first","8":"instock","9":"shipping-taxable","10":"purchasable","11":"product-type-simple"},"_links":{"self":[{"href":"https:\/\/www.pizzeriaramo.se\/index.php\/wp-json\/wp\/v2\/product\/1550","targetHints":{"allow":["GET"]}}],"collection":[{"href":"https:\/\/www.pizzeriaramo.se\/index.php\/wp-json\/wp\/v2\/product"}],"about":[{"href":"https:\/\/www.pizzeriaramo.se\/index.php\/wp-json\/wp\/v2\/types\/product"}],"replies":[{"embeddable":true,"href":"https:\/\/www.pizzeriaramo.se\/index.php\/wp-json\/wp\/v2\/comments?post=1550"}],"wp:attachment":[{"href":"https:\/\/www.pizzeriaramo.se\/index.php\/wp-json\/wp\/v2\/media?parent=1550"}],"wp:term":[{"taxonomy":"product_cat","embeddable":true,"href":"https:\/\/www.pizzeriaramo.se\/index.php\/wp-json\/wp\/v2\/product_cat?post=1550"},{"taxonomy":"product_tag","embeddable":true,"href":"https:\/\/www.pizzeriaramo.se\/index.php\/wp-json\/wp\/v2\/product_tag?post=1550"}],"curies":[{"name":"wp","href":"https:\/\/api.w.org\/{rel}","templated":true}]}}