{"id":1542,"date":"2024-04-19T04:43:20","date_gmt":"2024-04-19T04:43:20","guid":{"rendered":"https:\/\/pizzeriaramo.se\/?post_type=product&#038;p=1542"},"modified":"2026-04-14T14:18:34","modified_gmt":"2026-04-14T14:18:34","slug":"52-viking-flaskfile-paprika-lok-champ-valfri-sas-halvinb","status":"publish","type":"product","link":"https:\/\/www.pizzeriaramo.se\/index.php\/product\/52-viking-flaskfile-paprika-lok-champ-valfri-sas-halvinb\/","title":{"rendered":"52. VIKING: fl\u00e4skfil\u00e9, paprika, l\u00f6k, champ., valfri s\u00e5s (halvinb)"},"content":{"rendered":"<p>FAMILJEPIZZA 360:- BARNPIZZA 130:-<\/p>\n<p>Extra fyllning av allt: 60:- Extra fyllning p\u00e5 familjepizza 90:-<\/p>\n<p>LUNCHPAKET 140:- inkl sallad &amp; dricka<\/p>\n","protected":false},"excerpt":{"rendered":"<p>FAMILJEPIZZA 360:- BARNPIZZA 130:-<\/p>\n<p>Extra fyllning av allt: 60:- Extra fyllning p\u00e5 familjepizza 90:-<\/p>\n<p>LUNCHPAKET 140:- inkl sallad &amp; dricka<\/p>\n","protected":false},"featured_media":0,"comment_status":"open","ping_status":"closed","template":"","meta":[],"product_cat":[61],"product_tag":[],"class_list":{"0":"post-1542","1":"product","2":"type-product","3":"status-publish","5":"product_cat-prisklass-6","7":"first","8":"instock","9":"shipping-taxable","10":"purchasable","11":"product-type-simple"},"_links":{"self":[{"href":"https:\/\/www.pizzeriaramo.se\/index.php\/wp-json\/wp\/v2\/product\/1542","targetHints":{"allow":["GET"]}}],"collection":[{"href":"https:\/\/www.pizzeriaramo.se\/index.php\/wp-json\/wp\/v2\/product"}],"about":[{"href":"https:\/\/www.pizzeriaramo.se\/index.php\/wp-json\/wp\/v2\/types\/product"}],"replies":[{"embeddable":true,"href":"https:\/\/www.pizzeriaramo.se\/index.php\/wp-json\/wp\/v2\/comments?post=1542"}],"wp:attachment":[{"href":"https:\/\/www.pizzeriaramo.se\/index.php\/wp-json\/wp\/v2\/media?parent=1542"}],"wp:term":[{"taxonomy":"product_cat","embeddable":true,"href":"https:\/\/www.pizzeriaramo.se\/index.php\/wp-json\/wp\/v2\/product_cat?post=1542"},{"taxonomy":"product_tag","embeddable":true,"href":"https:\/\/www.pizzeriaramo.se\/index.php\/wp-json\/wp\/v2\/product_tag?post=1542"}],"curies":[{"name":"wp","href":"https:\/\/api.w.org\/{rel}","templated":true}]}}