{"id":1530,"date":"2024-04-19T04:34:42","date_gmt":"2024-04-19T04:34:42","guid":{"rendered":"https:\/\/pizzeriaramo.se\/?post_type=product&#038;p=1530"},"modified":"2026-04-13T13:24:50","modified_gmt":"2026-04-13T13:24:50","slug":"42-pompei-special-skinka-champinjoner-rakor-lok-farska-tomater-bearnaisesas","status":"publish","type":"product","link":"https:\/\/www.pizzeriaramo.se\/index.php\/product\/42-pompei-special-skinka-champinjoner-rakor-lok-farska-tomater-bearnaisesas\/","title":{"rendered":"42. POMPEI SPECIAL: skinka, champinjoner r\u00e4kor, l\u00f6k, f\u00e4rska tomater, bearnaises\u00e5s"},"content":{"rendered":"<p>FAMILJEPIZZA 335:- BARNPIZZA 125:-<\/p>\n<p>Extra fyllning av allt: 50:- Extra fyllning p\u00e5 familjepizza 80:-<\/p>\n<p>LUNCHPAKET 135:- inkl sallad &amp; dricka<\/p>\n","protected":false},"excerpt":{"rendered":"<p>FAMILJEPIZZA 335:- BARNPIZZA 125:-<\/p>\n<p>Extra fyllning av allt: 50:- Extra fyllning p\u00e5 familjepizza 80:-<\/p>\n<p>LUNCHPAKET 135:- inkl sallad &amp; dricka<\/p>\n","protected":false},"featured_media":0,"comment_status":"open","ping_status":"closed","template":"","meta":[],"product_cat":[60],"product_tag":[],"class_list":{"0":"post-1530","1":"product","2":"type-product","3":"status-publish","5":"product_cat-prisklass-5","7":"first","8":"instock","9":"shipping-taxable","10":"purchasable","11":"product-type-simple"},"_links":{"self":[{"href":"https:\/\/www.pizzeriaramo.se\/index.php\/wp-json\/wp\/v2\/product\/1530","targetHints":{"allow":["GET"]}}],"collection":[{"href":"https:\/\/www.pizzeriaramo.se\/index.php\/wp-json\/wp\/v2\/product"}],"about":[{"href":"https:\/\/www.pizzeriaramo.se\/index.php\/wp-json\/wp\/v2\/types\/product"}],"replies":[{"embeddable":true,"href":"https:\/\/www.pizzeriaramo.se\/index.php\/wp-json\/wp\/v2\/comments?post=1530"}],"wp:attachment":[{"href":"https:\/\/www.pizzeriaramo.se\/index.php\/wp-json\/wp\/v2\/media?parent=1530"}],"wp:term":[{"taxonomy":"product_cat","embeddable":true,"href":"https:\/\/www.pizzeriaramo.se\/index.php\/wp-json\/wp\/v2\/product_cat?post=1530"},{"taxonomy":"product_tag","embeddable":true,"href":"https:\/\/www.pizzeriaramo.se\/index.php\/wp-json\/wp\/v2\/product_tag?post=1530"}],"curies":[{"name":"wp","href":"https:\/\/api.w.org\/{rel}","templated":true}]}}