{"id":1527,"date":"2024-04-19T04:33:22","date_gmt":"2024-04-19T04:33:22","guid":{"rendered":"https:\/\/pizzeriaramo.se\/?post_type=product&#038;p=1527"},"modified":"2026-04-13T09:23:34","modified_gmt":"2026-04-13T09:23:34","slug":"45-gino-bacon-salami-rakor-lok-paprika-farska-tomater","status":"publish","type":"product","link":"https:\/\/www.pizzeriaramo.se\/index.php\/product\/45-gino-bacon-salami-rakor-lok-paprika-farska-tomater\/","title":{"rendered":"45. GINO: bacon, salami, r\u00e4kor, l\u00f6k, paprika, f\u00e4rska tomater"},"content":{"rendered":"<p>FAMILJEPIZZA 335:- BARNPIZZA 125:-<\/p>\n<p>Extra fyllning av allt: 50:- Extra fyllning p\u00e5 familjepizza 80:-<\/p>\n<p>LUNCHPAKET 135:- inkl sallad &amp; dricka<\/p>\n","protected":false},"excerpt":{"rendered":"<p>FAMILJEPIZZA 335:- BARNPIZZA 125:-<\/p>\n<p>Extra fyllning av allt: 50:- Extra fyllning p\u00e5 familjepizza 80:-<\/p>\n<p>LUNCHPAKET 135:- inkl sallad &amp; dricka<\/p>\n","protected":false},"featured_media":0,"comment_status":"open","ping_status":"closed","template":"","meta":[],"product_cat":[60],"product_tag":[],"class_list":{"0":"post-1527","1":"product","2":"type-product","3":"status-publish","5":"product_cat-prisklass-5","7":"first","8":"instock","9":"shipping-taxable","10":"purchasable","11":"product-type-simple"},"_links":{"self":[{"href":"https:\/\/www.pizzeriaramo.se\/index.php\/wp-json\/wp\/v2\/product\/1527","targetHints":{"allow":["GET"]}}],"collection":[{"href":"https:\/\/www.pizzeriaramo.se\/index.php\/wp-json\/wp\/v2\/product"}],"about":[{"href":"https:\/\/www.pizzeriaramo.se\/index.php\/wp-json\/wp\/v2\/types\/product"}],"replies":[{"embeddable":true,"href":"https:\/\/www.pizzeriaramo.se\/index.php\/wp-json\/wp\/v2\/comments?post=1527"}],"wp:attachment":[{"href":"https:\/\/www.pizzeriaramo.se\/index.php\/wp-json\/wp\/v2\/media?parent=1527"}],"wp:term":[{"taxonomy":"product_cat","embeddable":true,"href":"https:\/\/www.pizzeriaramo.se\/index.php\/wp-json\/wp\/v2\/product_cat?post=1527"},{"taxonomy":"product_tag","embeddable":true,"href":"https:\/\/www.pizzeriaramo.se\/index.php\/wp-json\/wp\/v2\/product_tag?post=1527"}],"curies":[{"name":"wp","href":"https:\/\/api.w.org\/{rel}","templated":true}]}}