{"id":1462,"date":"2024-04-19T03:52:41","date_gmt":"2024-04-19T03:52:41","guid":{"rendered":"https:\/\/pizzeriaramo.se\/?post_type=product&#038;p=1462"},"modified":"2026-04-13T21:32:45","modified_gmt":"2026-04-13T21:32:45","slug":"6-bolognese-kottfarssas","status":"publish","type":"product","link":"https:\/\/www.pizzeriaramo.se\/index.php\/product\/6-bolognese-kottfarssas\/","title":{"rendered":"6. BOLOGNESE: k\u00f6ttf\u00e4rss\u00e5s"},"content":{"rendered":"<p>FAMILJEPIZZA 255:- BARNPIZZA 95:-<\/p>\n<p>Extra fyllning av allt: 30:- Extra fyllning p\u00e5 familjepizza 60:-<\/p>\n<p>LUNCHPAKET 105:- inkl sallad &amp; dricka<\/p>\n","protected":false},"excerpt":{"rendered":"<p>FAMILJEPIZZA 255:- BARNPIZZA 95:-<\/p>\n<p>Extra fyllning av allt: 30:- Extra fyllning p\u00e5 familjepizza 60:-<\/p>\n<p>LUNCHPAKET 105:- inkl sallad &amp; dricka<\/p>\n","protected":false},"featured_media":0,"comment_status":"open","ping_status":"closed","template":"","meta":[],"product_cat":[56],"product_tag":[],"class_list":{"0":"post-1462","1":"product","2":"type-product","3":"status-publish","5":"product_cat-prisklass-1","7":"first","8":"instock","9":"shipping-taxable","10":"purchasable","11":"product-type-simple"},"_links":{"self":[{"href":"https:\/\/www.pizzeriaramo.se\/index.php\/wp-json\/wp\/v2\/product\/1462","targetHints":{"allow":["GET"]}}],"collection":[{"href":"https:\/\/www.pizzeriaramo.se\/index.php\/wp-json\/wp\/v2\/product"}],"about":[{"href":"https:\/\/www.pizzeriaramo.se\/index.php\/wp-json\/wp\/v2\/types\/product"}],"replies":[{"embeddable":true,"href":"https:\/\/www.pizzeriaramo.se\/index.php\/wp-json\/wp\/v2\/comments?post=1462"}],"wp:attachment":[{"href":"https:\/\/www.pizzeriaramo.se\/index.php\/wp-json\/wp\/v2\/media?parent=1462"}],"wp:term":[{"taxonomy":"product_cat","embeddable":true,"href":"https:\/\/www.pizzeriaramo.se\/index.php\/wp-json\/wp\/v2\/product_cat?post=1462"},{"taxonomy":"product_tag","embeddable":true,"href":"https:\/\/www.pizzeriaramo.se\/index.php\/wp-json\/wp\/v2\/product_tag?post=1462"}],"curies":[{"name":"wp","href":"https:\/\/api.w.org\/{rel}","templated":true}]}}