{"id":658,"date":"2023-08-05T12:41:16","date_gmt":"2023-08-05T12:41:16","guid":{"rendered":"https:\/\/themes.templatescoder.com\/pizzon\/wp\/demo-01\/?page_id=658"},"modified":"2024-12-08T06:13:32","modified_gmt":"2024-12-08T06:13:32","slug":"about-us","status":"publish","type":"page","link":"https:\/\/www.pizzeriaramo.se\/index.php\/about-us\/","title":{"rendered":"Om oss"},"content":{"rendered":"\t\t<div data-elementor-type=\"wp-page\" data-elementor-id=\"658\" class=\"elementor elementor-658\">\n\t\t\t\t\t\t<section class=\"elementor-section elementor-top-section elementor-element elementor-element-beafdeb elementor-section-boxed elementor-section-height-default elementor-section-height-default wpr-multicolor-no tmpcoder-sticky-section-no tmpcoder-particle-no\" data-id=\"beafdeb\" data-element_type=\"section\" data-settings=\"{&quot;background_background&quot;:&quot;classic&quot;}\">\n\t\t\t\t\t\t\t<div class=\"elementor-background-overlay\"><\/div>\n\t\t\t\t\t\t\t<div class=\"elementor-container elementor-column-gap-default\">\n\t\t\t\t\t<div class=\"elementor-column elementor-col-100 elementor-top-column elementor-element elementor-element-ea94425\" data-id=\"ea94425\" data-element_type=\"column\">\n\t\t\t<div class=\"elementor-widget-wrap\">\n\t\t\t\t\t\t\t<\/div>\n\t\t<\/div>\n\t\t\t\t\t<\/div>\n\t\t<\/section>\n\t\t\t\t<section class=\"elementor-section elementor-top-section elementor-element elementor-element-6ae0aa9 elementor-section-boxed elementor-section-height-default elementor-section-height-default wpr-multicolor-no tmpcoder-sticky-section-no tmpcoder-particle-no\" data-id=\"6ae0aa9\" data-element_type=\"section\">\n\t\t\t\t\t\t<div class=\"elementor-container elementor-column-gap-default\">\n\t\t\t\t\t<div class=\"elementor-column elementor-col-50 elementor-top-column elementor-element elementor-element-02de938\" data-id=\"02de938\" data-element_type=\"column\">\n\t\t\t<div class=\"elementor-widget-wrap elementor-element-populated\">\n\t\t\t\t\t\t<div class=\"elementor-element elementor-element-800705d elementor-widget elementor-widget-image\" data-id=\"800705d\" data-element_type=\"widget\" data-widget_type=\"image.default\">\n\t\t\t\t<div class=\"elementor-widget-container\">\n\t\t\t<style>\/*! elementor - v3.21.0 - 30-04-2024 *\/\n.elementor-widget-image{text-align:center}.elementor-widget-image a{display:inline-block}.elementor-widget-image a img[src$=\".svg\"]{width:48px}.elementor-widget-image img{vertical-align:middle;display:inline-block}<\/style>\t\t\t\t\t\t\t\t\t\t<img fetchpriority=\"high\" decoding=\"async\" width=\"540\" height=\"540\" src=\"https:\/\/www.pizzeriaramo.se\/wp-content\/uploads\/2023\/05\/Namnlos-design-9.png\" class=\"attachment-full size-full wp-image-1414\" alt=\"\" srcset=\"https:\/\/www.pizzeriaramo.se\/wp-content\/uploads\/2023\/05\/Namnlos-design-9.png 540w, https:\/\/www.pizzeriaramo.se\/wp-content\/uploads\/2023\/05\/Namnlos-design-9-300x300.png 300w, https:\/\/www.pizzeriaramo.se\/wp-content\/uploads\/2023\/05\/Namnlos-design-9-150x150.png 150w, https:\/\/www.pizzeriaramo.se\/wp-content\/uploads\/2023\/05\/Namnlos-design-9-100x100.png 100w\" sizes=\"(max-width: 540px) 100vw, 540px\" \/>\t\t\t\t\t\t\t\t\t\t\t\t\t<\/div>\n\t\t\t\t<\/div>\n\t\t\t\t\t<\/div>\n\t\t<\/div>\n\t\t\t\t<div class=\"elementor-column elementor-col-50 elementor-top-column elementor-element elementor-element-7bd2c87\" data-id=\"7bd2c87\" data-element_type=\"column\">\n\t\t\t<div class=\"elementor-widget-wrap elementor-element-populated\">\n\t\t\t\t\t\t<div class=\"elementor-element elementor-element-c6f0d79 elementor-widget elementor-widget-heading\" data-id=\"c6f0d79\" data-element_type=\"widget\" data-widget_type=\"heading.default\">\n\t\t\t\t<div class=\"elementor-widget-container\">\n\t\t\t<style>\/*! elementor - v3.21.0 - 30-04-2024 *\/\n.elementor-heading-title{padding:0;margin:0;line-height:1}.elementor-widget-heading .elementor-heading-title[class*=elementor-size-]>a{color:inherit;font-size:inherit;line-height:inherit}.elementor-widget-heading .elementor-heading-title.elementor-size-small{font-size:15px}.elementor-widget-heading .elementor-heading-title.elementor-size-medium{font-size:19px}.elementor-widget-heading .elementor-heading-title.elementor-size-large{font-size:29px}.elementor-widget-heading .elementor-heading-title.elementor-size-xl{font-size:39px}.elementor-widget-heading .elementor-heading-title.elementor-size-xxl{font-size:59px}<\/style><h2 class=\"elementor-heading-title elementor-size-default\">Om pizzeria ramo<\/h2>\t\t<\/div>\n\t\t\t\t<\/div>\n\t\t\t\t<div class=\"elementor-element elementor-element-b3aa932 elementor-widget elementor-widget-text-editor\" data-id=\"b3aa932\" data-element_type=\"widget\" data-widget_type=\"text-editor.default\">\n\t\t\t\t<div class=\"elementor-widget-container\">\n\t\t\t<style>\/*! elementor - v3.21.0 - 30-04-2024 *\/\n.elementor-widget-text-editor.elementor-drop-cap-view-stacked .elementor-drop-cap{background-color:#69727d;color:#fff}.elementor-widget-text-editor.elementor-drop-cap-view-framed .elementor-drop-cap{color:#69727d;border:3px solid;background-color:transparent}.elementor-widget-text-editor:not(.elementor-drop-cap-view-default) .elementor-drop-cap{margin-top:8px}.elementor-widget-text-editor:not(.elementor-drop-cap-view-default) .elementor-drop-cap-letter{width:1em;height:1em}.elementor-widget-text-editor .elementor-drop-cap{float:left;text-align:center;line-height:1;font-size:50px}.elementor-widget-text-editor .elementor-drop-cap-letter{display:inline-block}<\/style>\t\t\t\t<p>V\u00e4lkommen till Pizzeria Ramo \u2013 din lokala p\u00e4rla i Forshaga d\u00e4r smakupplevelser st\u00e5r i fokus! Vi \u00e4r stolta \u00f6ver att erbjuda ett brett utbud av nybakade pizzor, fr\u00e4scha sallader och l\u00e4ckra kebabr\u00e4tter, tillagade med k\u00e4rlek och de b\u00e4sta r\u00e5varorna.<\/p><p>Hos oss m\u00f6ts du av en varm och familj\u00e4r atmosf\u00e4r d\u00e4r kvalitet och service alltid \u00e4r v\u00e5r h\u00f6gsta prioritet. Oavsett om du vill njuta av en klassisk favorit eller prova n\u00e5got nytt och sp\u00e4nnande, ser vi till att varje tugga blir minnesv\u00e4rd.<\/p><p>V\u00e4lkommen in f\u00f6r en h\u00e4rlig m\u00e5ltid eller best\u00e4ll hem och njut av v\u00e5ra r\u00e4tter i bekv\u00e4mligheten av ditt eget hem. Vi ser fram emot att f\u00e5 servera dig!<\/p><p>H\u00e4lsningar,<br \/>Teamet p\u00e5 Pizzeria Ramo \ud83c\udf55\u2764\ufe0f<\/p>\t\t\t\t\t\t<\/div>\n\t\t\t\t<\/div>\n\t\t\t\t\t<\/div>\n\t\t<\/div>\n\t\t\t\t\t<\/div>\n\t\t<\/section>\n\t\t\t\t<section class=\"elementor-section elementor-top-section elementor-element elementor-element-738f595 elementor-section-boxed elementor-section-height-default elementor-section-height-default wpr-multicolor-no tmpcoder-sticky-section-no tmpcoder-particle-no\" data-id=\"738f595\" data-element_type=\"section\" data-settings=\"{&quot;background_background&quot;:&quot;classic&quot;}\">\n\t\t\t\t\t\t<div class=\"elementor-container elementor-column-gap-default\">\n\t\t\t\t\t<div class=\"elementor-column elementor-col-100 elementor-top-column elementor-element elementor-element-bf00b18\" data-id=\"bf00b18\" data-element_type=\"column\">\n\t\t\t<div class=\"elementor-widget-wrap elementor-element-populated\">\n\t\t\t\t\t\t<div class=\"elementor-element elementor-element-917b49e elementor-widget elementor-widget-heading\" data-id=\"917b49e\" data-element_type=\"widget\" data-widget_type=\"heading.default\">\n\t\t\t\t<div class=\"elementor-widget-container\">\n\t\t\t<h2 class=\"elementor-heading-title elementor-size-default\">V\u00e5r ber\u00e4ttelse<\/h2>\t\t<\/div>\n\t\t\t\t<\/div>\n\t\t\t\t<div class=\"elementor-element elementor-element-afdaa5a elementor-widget__width-initial elementor-widget elementor-widget-text-editor\" data-id=\"afdaa5a\" data-element_type=\"widget\" data-widget_type=\"text-editor.default\">\n\t\t\t\t<div class=\"elementor-widget-container\">\n\t\t\t\t\t\t\t<p>Pizzeria Ramo grundades med en enkel men passionerad id\u00e9 \u2013 att skapa en plats d\u00e4r mat och gemenskap m\u00f6ts. Allt b\u00f6rjade som en dr\u00f6m om att erbjuda Forshaga en pizzeria som inte bara serverar god mat, utan ocks\u00e5 skapar en varm och v\u00e4lkomnande atmosf\u00e4r f\u00f6r alla.<\/p><p>Vi h\u00e4mtar inspiration fr\u00e5n traditionella recept och kombinerar det med v\u00e5r egen kreativitet. Varje pizza, kebabr\u00e4tt och sallad som l\u00e4mnar v\u00e5rt k\u00f6k \u00e4r ett resultat av h\u00e5rt arbete, noggrannhet och en stor dos k\u00e4rlek till matlagning. F\u00f6r oss handlar det inte bara om att m\u00e4tta magen, utan ocks\u00e5 om att skapa smakminnen som varar l\u00e4nge.<\/p><p>Genom \u00e5ren har vi haft gl\u00e4djen att bli en del av v\u00e5ra g\u00e4sters vardag \u2013 fr\u00e5n familjemiddagar och v\u00e4nskapliga tr\u00e4ffar till firanden av livets stora och sm\u00e5 stunder. Det \u00e4r era leenden och er uppskattning som motiverar oss att forts\u00e4tta leverera det b\u00e4sta, varje dag.<\/p><p>Tack f\u00f6r att ni har gjort Pizzeria Ramo till en del av Forshagas hj\u00e4rta. Vi ser fram emot att f\u00e5 vara en del av er ber\u00e4ttelse ocks\u00e5!<\/p><p>Med v\u00e4rme,<br \/>Familjen Ramo \ud83c\udf55\u2764\ufe0f<\/p>\t\t\t\t\t\t<\/div>\n\t\t\t\t<\/div>\n\t\t\t\t<div class=\"elementor-element elementor-element-08c5f85 elementor-widget elementor-widget-image\" data-id=\"08c5f85\" data-element_type=\"widget\" data-widget_type=\"image.default\">\n\t\t\t\t<div class=\"elementor-widget-container\">\n\t\t\t\t\t\t\t\t\t\t\t\t\t<img decoding=\"async\" width=\"215\" height=\"61\" src=\"https:\/\/www.pizzeriaramo.se\/wp-content\/uploads\/2023\/09\/story.png\" class=\"attachment-large size-large wp-image-898\" alt=\"story\" \/>\t\t\t\t\t\t\t\t\t\t\t\t\t<\/div>\n\t\t\t\t<\/div>\n\t\t\t\t\t<\/div>\n\t\t<\/div>\n\t\t\t\t\t<\/div>\n\t\t<\/section>\n\t\t\t\t<section class=\"elementor-section elementor-top-section elementor-element elementor-element-c2ee17a elementor-section-full_width elementor-section-height-default elementor-section-height-default wpr-multicolor-no tmpcoder-sticky-section-no tmpcoder-particle-no\" data-id=\"c2ee17a\" data-element_type=\"section\">\n\t\t\t\t\t\t<div class=\"elementor-container elementor-column-gap-default\">\n\t\t\t\t\t<div class=\"elementor-column elementor-col-100 elementor-top-column elementor-element elementor-element-bdbe637\" data-id=\"bdbe637\" data-element_type=\"column\">\n\t\t\t<div class=\"elementor-widget-wrap elementor-element-populated\">\n\t\t\t\t\t\t<div class=\"elementor-element elementor-element-d87a994 elementor-widget elementor-widget-image\" data-id=\"d87a994\" data-element_type=\"widget\" data-widget_type=\"image.default\">\n\t\t\t\t<div class=\"elementor-widget-container\">\n\t\t\t\t\t\t\t\t\t\t\t\t\t<img decoding=\"async\" width=\"1909\" height=\"165\" src=\"https:\/\/www.pizzeriaramo.se\/wp-content\/uploads\/2023\/08\/customer-top-bg.png\" class=\"attachment-full size-full wp-image-841\" alt=\"customer-top-bg\" srcset=\"https:\/\/www.pizzeriaramo.se\/wp-content\/uploads\/2023\/08\/customer-top-bg.png 1909w, https:\/\/www.pizzeriaramo.se\/wp-content\/uploads\/2023\/08\/customer-top-bg-300x26.png 300w, https:\/\/www.pizzeriaramo.se\/wp-content\/uploads\/2023\/08\/customer-top-bg-1024x89.png 1024w, https:\/\/www.pizzeriaramo.se\/wp-content\/uploads\/2023\/08\/customer-top-bg-768x66.png 768w, https:\/\/www.pizzeriaramo.se\/wp-content\/uploads\/2023\/08\/customer-top-bg-1536x133.png 1536w, https:\/\/www.pizzeriaramo.se\/wp-content\/uploads\/2023\/08\/customer-top-bg-600x52.png 600w\" sizes=\"(max-width: 1909px) 100vw, 1909px\" \/>\t\t\t\t\t\t\t\t\t\t\t\t\t<\/div>\n\t\t\t\t<\/div>\n\t\t\t\t\t<\/div>\n\t\t<\/div>\n\t\t\t\t\t<\/div>\n\t\t<\/section>\n\t\t\t\t<section class=\"elementor-section elementor-top-section elementor-element elementor-element-16f944d elementor-section-full_width elementor-section-height-default elementor-section-height-default wpr-multicolor-no tmpcoder-sticky-section-no tmpcoder-particle-no\" data-id=\"16f944d\" data-element_type=\"section\">\n\t\t\t\t\t\t<div class=\"elementor-container elementor-column-gap-default\">\n\t\t\t\t\t<div class=\"elementor-column elementor-col-100 elementor-top-column elementor-element elementor-element-2fe9bf7\" data-id=\"2fe9bf7\" data-element_type=\"column\">\n\t\t\t<div class=\"elementor-widget-wrap elementor-element-populated\">\n\t\t\t\t\t\t<div class=\"elementor-element elementor-element-a217733 elementor-widget elementor-widget-image\" data-id=\"a217733\" data-element_type=\"widget\" data-widget_type=\"image.default\">\n\t\t\t\t<div class=\"elementor-widget-container\">\n\t\t\t\t\t\t\t\t\t\t\t\t\t<img loading=\"lazy\" decoding=\"async\" width=\"1903\" height=\"94\" src=\"https:\/\/www.pizzeriaramo.se\/wp-content\/uploads\/2023\/08\/customer-bottom-bg.png\" class=\"attachment-full size-full wp-image-842\" alt=\"customer-bottom-bg\" srcset=\"https:\/\/www.pizzeriaramo.se\/wp-content\/uploads\/2023\/08\/customer-bottom-bg.png 1903w, https:\/\/www.pizzeriaramo.se\/wp-content\/uploads\/2023\/08\/customer-bottom-bg-300x15.png 300w, https:\/\/www.pizzeriaramo.se\/wp-content\/uploads\/2023\/08\/customer-bottom-bg-1024x51.png 1024w, https:\/\/www.pizzeriaramo.se\/wp-content\/uploads\/2023\/08\/customer-bottom-bg-768x38.png 768w, https:\/\/www.pizzeriaramo.se\/wp-content\/uploads\/2023\/08\/customer-bottom-bg-1536x76.png 1536w, https:\/\/www.pizzeriaramo.se\/wp-content\/uploads\/2023\/08\/customer-bottom-bg-600x30.png 600w\" sizes=\"(max-width: 1903px) 100vw, 1903px\" \/>\t\t\t\t\t\t\t\t\t\t\t\t\t<\/div>\n\t\t\t\t<\/div>\n\t\t\t\t\t<\/div>\n\t\t<\/div>\n\t\t\t\t\t<\/div>\n\t\t<\/section>\n\t\t\t\t<\/div>\n\t\t","protected":false},"excerpt":{"rendered":"<p>Om pizzeria ramo V\u00e4lkommen till Pizzeria Ramo \u2013 din lokala p\u00e4rla i Forshaga d\u00e4r smakupplevelser st\u00e5r i fokus! Vi \u00e4r stolta \u00f6ver att erbjuda ett brett utbud av nybakade pizzor, fr\u00e4scha sallader och l\u00e4ckra kebabr\u00e4tter, tillagade med k\u00e4rlek och de b\u00e4sta r\u00e5varorna. Hos oss m\u00f6ts du av en varm och familj\u00e4r atmosf\u00e4r d\u00e4r kvalitet och [&hellip;]<\/p>\n","protected":false},"author":1,"featured_media":0,"parent":0,"menu_order":0,"comment_status":"closed","ping_status":"closed","template":"elementor_header_footer","meta":{"footnotes":""},"class_list":["post-658","page","type-page","status-publish","hentry"],"_links":{"self":[{"href":"https:\/\/www.pizzeriaramo.se\/index.php\/wp-json\/wp\/v2\/pages\/658","targetHints":{"allow":["GET"]}}],"collection":[{"href":"https:\/\/www.pizzeriaramo.se\/index.php\/wp-json\/wp\/v2\/pages"}],"about":[{"href":"https:\/\/www.pizzeriaramo.se\/index.php\/wp-json\/wp\/v2\/types\/page"}],"author":[{"embeddable":true,"href":"https:\/\/www.pizzeriaramo.se\/index.php\/wp-json\/wp\/v2\/users\/1"}],"replies":[{"embeddable":true,"href":"https:\/\/www.pizzeriaramo.se\/index.php\/wp-json\/wp\/v2\/comments?post=658"}],"version-history":[{"count":8,"href":"https:\/\/www.pizzeriaramo.se\/index.php\/wp-json\/wp\/v2\/pages\/658\/revisions"}],"predecessor-version":[{"id":1709,"href":"https:\/\/www.pizzeriaramo.se\/index.php\/wp-json\/wp\/v2\/pages\/658\/revisions\/1709"}],"wp:attachment":[{"href":"https:\/\/www.pizzeriaramo.se\/index.php\/wp-json\/wp\/v2\/media?parent=658"}],"curies":[{"name":"wp","href":"https:\/\/api.w.org\/{rel}","templated":true}]}}